{"id":1645,"date":"2024-03-19T14:12:12","date_gmt":"2024-03-19T14:12:12","guid":{"rendered":"https:\/\/www.die-sanierung.com\/diesanierung\/?page_id=1645"},"modified":"2025-04-28T08:05:40","modified_gmt":"2025-04-28T06:05:40","slug":"ueber-uns","status":"publish","type":"page","link":"https:\/\/www.die-sanierung.com\/diesanierung\/das-unternehmen\/ueber-uns\/","title":{"rendered":"\u00dcber uns"},"content":{"rendered":"<section class=\"l-section wpb_row height_medium\"><div class=\"l-section-h i-cf\"><div class=\"g-cols vc_row via_grid cols_1 laptops-cols_inherit tablets-cols_inherit mobiles-cols_1 valign_top type_default stacking_default\"><div class=\"wpb_column vc_column_container\"><div class=\"vc_column-inner\"><h1 class=\"w-post-elm post_title align_left entry-title color_link_inherit\">\u00dcber uns<\/h1><div class=\"g-cols wpb_row via_grid cols_4 laptops-cols_inherit tablets-cols_inherit mobiles-cols_1 valign_top type_default stacking_default\" style=\"--gap:6rem;\"><div class=\"wpb_column vc_column_container\"><div class=\"vc_column-inner\"><div class=\"w-person us_custom_1f257949 layout_simple with_desc\" itemscope itemtype=\"https:\/\/schema.org\/Person\"><div class=\"w-person-image\"><img loading=\"lazy\" decoding=\"async\" width=\"167\" height=\"200\" src=\"https:\/\/www.die-sanierung.com\/diesanierung\/wp-content\/uploads\/2024\/03\/Clausing_Team_15.jpg\" class=\"attachment-medium size-medium\" alt=\"\" \/><\/div><div class=\"w-person-content\"><h6 itemprop=\"name\" class=\"w-person-name\"><span>Dipl. Ing. (FH) EWE Christian Staub<\/span><\/h6><div class=\"w-person-role\" itemprop=\"jobTitle\">Gesch\u00e4ftsf\u00fchrer<\/div><div class=\"w-person-description\" itemprop=\"description\"><p>Ausbildung als Maurer, Bauingenieur (Baubetrieb) und Schwei\u00dffachingenieur. Selbstst\u00e4ndig seit 1986. Vorstandsmitglied der Bauinnung Osnabr\u00fcck (Stadt und Land); Pr\u00e4sident des Baugewerbeverbandes Niedersachsen (BVN); Vorstandsmitglied Haus und Grund Osnabr\u00fcck.<\/p>\n<\/div><\/div><\/div><\/div><\/div><div class=\"wpb_column vc_column_container\"><div class=\"vc_column-inner\"><\/div><\/div><div class=\"wpb_column vc_column_container hide_on_tablets hide_on_mobiles\"><div class=\"vc_column-inner\"><\/div><\/div><div class=\"wpb_column vc_column_container hide_on_tablets hide_on_mobiles\"><div class=\"vc_column-inner\"><\/div><\/div><\/div><div class=\"w-separator size_medium\"><\/div><div class=\"g-cols wpb_row via_grid cols_4 laptops-cols_inherit tablets-cols_inherit mobiles-cols_1 valign_top type_default stacking_default\" style=\"--gap:6rem;\"><div class=\"wpb_column vc_column_container\"><div class=\"vc_column-inner\"><div class=\"w-person us_custom_1f257949 layout_simple with_desc\" itemscope itemtype=\"https:\/\/schema.org\/Person\"><div class=\"w-person-image\"><img loading=\"lazy\" decoding=\"async\" width=\"167\" height=\"200\" src=\"https:\/\/www.die-sanierung.com\/diesanierung\/wp-content\/uploads\/2024\/06\/Schulz.jpg\" class=\"attachment-medium size-medium\" alt=\"\" srcset=\"https:\/\/www.die-sanierung.com\/diesanierung\/wp-content\/uploads\/2024\/06\/Schulz.jpg 167w, https:\/\/www.die-sanierung.com\/diesanierung\/wp-content\/uploads\/2024\/06\/Schulz-125x150.jpg 125w\" sizes=\"(max-width: 167px) 100vw, 167px\" \/><\/div><div class=\"w-person-content\"><h6 itemprop=\"name\" class=\"w-person-name\"><span>Dipl. Ing. (FH) Fred Schulz<\/span><\/h6><div class=\"w-person-role\" itemprop=\"jobTitle\">Betriebsleiter \/ Bauleiter<\/div><div class=\"w-person-description\" itemprop=\"description\"><p>Ausbildung zum Baufacharbeiter. 1985 Studium zum Dipl. Ing. (FH) Hochbau. Seit 1993 als Bauleiter im Unternehmen t\u00e4tig. Seit 2000 Betriebsleiter.<\/p>\n<\/div><\/div><\/div><\/div><\/div><div class=\"wpb_column vc_column_container\"><div class=\"vc_column-inner\"><div class=\"w-person us_custom_1f257949 layout_simple with_desc\" itemscope itemtype=\"https:\/\/schema.org\/Person\"><div class=\"w-person-image\"><img loading=\"lazy\" decoding=\"async\" width=\"167\" height=\"200\" src=\"https:\/\/www.die-sanierung.com\/diesanierung\/wp-content\/uploads\/2024\/06\/Peppe.jpg\" class=\"attachment-medium size-medium\" alt=\"\" srcset=\"https:\/\/www.die-sanierung.com\/diesanierung\/wp-content\/uploads\/2024\/06\/Peppe.jpg 167w, https:\/\/www.die-sanierung.com\/diesanierung\/wp-content\/uploads\/2024\/06\/Peppe-125x150.jpg 125w\" sizes=\"(max-width: 167px) 100vw, 167px\" \/><\/div><div class=\"w-person-content\"><h6 itemprop=\"name\" class=\"w-person-name\"><span>Paul Peppe<\/span><\/h6><div class=\"w-person-role\" itemprop=\"jobTitle\">Bauleiter<\/div><div class=\"w-person-description\" itemprop=\"description\"><p>Ausbildung zum Maurer. Seit 2025 Maurer- u. Betonbaumeister. Im Unternehmen seit 2024.<\/p>\n<\/div><\/div><\/div><\/div><\/div><div class=\"wpb_column vc_column_container\"><div class=\"vc_column-inner\"><\/div><\/div><div class=\"wpb_column vc_column_container\"><div class=\"vc_column-inner\"><\/div><\/div><\/div><div class=\"w-separator size_medium\"><\/div><div class=\"g-cols wpb_row via_grid cols_4 laptops-cols_inherit tablets-cols_inherit mobiles-cols_1 valign_top type_default stacking_default\" style=\"--gap:6rem;\"><div class=\"wpb_column vc_column_container\"><div class=\"vc_column-inner\"><div class=\"w-person us_custom_1f257949 layout_simple\" itemscope itemtype=\"https:\/\/schema.org\/Person\"><div class=\"w-person-image\"><img loading=\"lazy\" decoding=\"async\" width=\"167\" height=\"200\" src=\"https:\/\/www.die-sanierung.com\/diesanierung\/wp-content\/uploads\/2024\/06\/Auf-der-Heide.jpg\" class=\"attachment-medium size-medium\" alt=\"\" srcset=\"https:\/\/www.die-sanierung.com\/diesanierung\/wp-content\/uploads\/2024\/06\/Auf-der-Heide.jpg 167w, https:\/\/www.die-sanierung.com\/diesanierung\/wp-content\/uploads\/2024\/06\/Auf-der-Heide-125x150.jpg 125w\" sizes=\"(max-width: 167px) 100vw, 167px\" \/><\/div><div class=\"w-person-content\"><h6 itemprop=\"name\" class=\"w-person-name\"><span>Christine Auf der Heide<\/span><\/h6><div class=\"w-person-role\" itemprop=\"jobTitle\">Bautechnik<\/div><\/div><\/div><\/div><\/div><div class=\"wpb_column vc_column_container\"><div class=\"vc_column-inner\"><div class=\"w-person us_custom_1f257949 layout_simple\" itemscope itemtype=\"https:\/\/schema.org\/Person\"><div class=\"w-person-image\"><img loading=\"lazy\" decoding=\"async\" width=\"167\" height=\"200\" src=\"https:\/\/www.die-sanierung.com\/diesanierung\/wp-content\/uploads\/2024\/06\/Schlueter.jpg\" class=\"attachment-medium size-medium\" alt=\"\" srcset=\"https:\/\/www.die-sanierung.com\/diesanierung\/wp-content\/uploads\/2024\/06\/Schlueter.jpg 167w, https:\/\/www.die-sanierung.com\/diesanierung\/wp-content\/uploads\/2024\/06\/Schlueter-125x150.jpg 125w\" sizes=\"(max-width: 167px) 100vw, 167px\" \/><\/div><div class=\"w-person-content\"><h6 itemprop=\"name\" class=\"w-person-name\"><span>Beate Schl\u00fcter<\/span><\/h6><div class=\"w-person-role\" itemprop=\"jobTitle\">Bautechnik<\/div><\/div><\/div><\/div><\/div><div class=\"wpb_column vc_column_container\"><div class=\"vc_column-inner\"><\/div><\/div><div class=\"wpb_column vc_column_container\"><div class=\"vc_column-inner\"><\/div><\/div><\/div><\/div><\/div><\/div><\/div><\/section>\n","protected":false},"excerpt":{"rendered":"\u00dcber unsDipl. Ing. (FH) EWE Christian StaubGesch\u00e4ftsf\u00fchrerAusbildung als Maurer, Bauingenieur (Baubetrieb) und Schwei\u00dffachingenieur. Selbstst\u00e4ndig seit 1986. Vorstandsmitglied der Bauinnung Osnabr\u00fcck (Stadt und Land); Pr\u00e4sident des Baugewerbeverbandes Niedersachsen (BVN); Vorstandsmitglied Haus und Grund Osnabr\u00fcck. Dipl. Ing. (FH) Fred SchulzBetriebsleiter \/ BauleiterAusbildung zum Baufacharbeiter. 1985 Studium zum Dipl. Ing. (FH) Hochbau. Seit 1993 als Bauleiter im Unternehmen...","protected":false},"author":1,"featured_media":0,"parent":2,"menu_order":0,"comment_status":"closed","ping_status":"open","template":"","meta":{"footnotes":""},"class_list":["post-1645","page","type-page","status-publish","hentry"],"yoast_head":"<!-- This site is optimized with the Yoast SEO plugin v23.9 - https:\/\/yoast.com\/wordpress\/plugins\/seo\/ -->\n<title>Die Sanierung - Chr. Staub Baugesellschaft<\/title>\n<meta name=\"description\" content=\"CHR. STAUB BAUGESELLSCHAFT \u2013 Ihr Partner f\u00fcr Sanierung, Umbau und Neubau. \u00b7 Wir l\u00f6sen anstehende Aufgaben flexibel, schlagkr\u00e4ftig und kompetent. \u00b7 Chr. Staub\" \/>\n<meta name=\"robots\" content=\"index, follow, max-snippet:-1, max-image-preview:large, max-video-preview:-1\" \/>\n<link rel=\"canonical\" href=\"https:\/\/www.die-sanierung.com\/diesanierung\/das-unternehmen\/ueber-uns\/\" \/>\n<meta property=\"og:locale\" content=\"de_DE\" \/>\n<meta property=\"og:type\" content=\"article\" \/>\n<meta property=\"og:title\" content=\"Die Sanierung - Chr. Staub Baugesellschaft\" \/>\n<meta property=\"og:description\" content=\"CHR. STAUB BAUGESELLSCHAFT \u2013 Ihr Partner f\u00fcr Sanierung, Umbau und Neubau. \u00b7 Wir l\u00f6sen anstehende Aufgaben flexibel, schlagkr\u00e4ftig und kompetent. \u00b7 Chr. Staub\" \/>\n<meta property=\"og:url\" content=\"https:\/\/www.die-sanierung.com\/diesanierung\/das-unternehmen\/ueber-uns\/\" \/>\n<meta property=\"og:site_name\" content=\"Die Sanierung\" \/>\n<meta property=\"article:modified_time\" content=\"2025-04-28T06:05:40+00:00\" \/>\n<meta name=\"twitter:card\" content=\"summary_large_image\" \/>\n<meta name=\"twitter:label1\" content=\"Gesch\u00e4tzte Lesezeit\" \/>\n\t<meta name=\"twitter:data1\" content=\"1 Minute\" \/>\n<script type=\"application\/ld+json\" class=\"yoast-schema-graph\">{\"@context\":\"https:\/\/schema.org\",\"@graph\":[{\"@type\":\"WebPage\",\"@id\":\"https:\/\/www.die-sanierung.com\/diesanierung\/das-unternehmen\/ueber-uns\/\",\"url\":\"https:\/\/www.die-sanierung.com\/diesanierung\/das-unternehmen\/ueber-uns\/\",\"name\":\"Die Sanierung - Chr. Staub Baugesellschaft\",\"isPartOf\":{\"@id\":\"https:\/\/www.die-sanierung.com\/diesanierung\/#website\"},\"datePublished\":\"2024-03-19T14:12:12+00:00\",\"dateModified\":\"2025-04-28T06:05:40+00:00\",\"description\":\"CHR. STAUB BAUGESELLSCHAFT \u2013 Ihr Partner f\u00fcr Sanierung, Umbau und Neubau. \u00b7 Wir l\u00f6sen anstehende Aufgaben flexibel, schlagkr\u00e4ftig und kompetent. \u00b7 Chr. Staub\",\"breadcrumb\":{\"@id\":\"https:\/\/www.die-sanierung.com\/diesanierung\/das-unternehmen\/ueber-uns\/#breadcrumb\"},\"inLanguage\":\"de-DE\",\"potentialAction\":[{\"@type\":\"ReadAction\",\"target\":[\"https:\/\/www.die-sanierung.com\/diesanierung\/das-unternehmen\/ueber-uns\/\"]}]},{\"@type\":\"BreadcrumbList\",\"@id\":\"https:\/\/www.die-sanierung.com\/diesanierung\/das-unternehmen\/ueber-uns\/#breadcrumb\",\"itemListElement\":[{\"@type\":\"ListItem\",\"position\":1,\"name\":\"Startseite\",\"item\":\"https:\/\/www.die-sanierung.com\/diesanierung\/\"},{\"@type\":\"ListItem\",\"position\":2,\"name\":\"Das Unternehmen\",\"item\":\"https:\/\/www.die-sanierung.com\/diesanierung\/das-unternehmen\/\"},{\"@type\":\"ListItem\",\"position\":3,\"name\":\"\u00dcber uns\"}]},{\"@type\":\"WebSite\",\"@id\":\"https:\/\/www.die-sanierung.com\/diesanierung\/#website\",\"url\":\"https:\/\/www.die-sanierung.com\/diesanierung\/\",\"name\":\"Chr. Staub Baugesellschaft\",\"description\":\"Ihr Partner f\u00fcr Sanierung, Umbau und Neubau.\",\"potentialAction\":[{\"@type\":\"SearchAction\",\"target\":{\"@type\":\"EntryPoint\",\"urlTemplate\":\"https:\/\/www.die-sanierung.com\/diesanierung\/?s={search_term_string}\"},\"query-input\":{\"@type\":\"PropertyValueSpecification\",\"valueRequired\":true,\"valueName\":\"search_term_string\"}}],\"inLanguage\":\"de-DE\"}]}<\/script>\n<!-- \/ Yoast SEO plugin. -->","yoast_head_json":{"title":"Die Sanierung - Chr. Staub Baugesellschaft","description":"CHR. STAUB BAUGESELLSCHAFT \u2013 Ihr Partner f\u00fcr Sanierung, Umbau und Neubau. \u00b7 Wir l\u00f6sen anstehende Aufgaben flexibel, schlagkr\u00e4ftig und kompetent. \u00b7 Chr. Staub","robots":{"index":"index","follow":"follow","max-snippet":"max-snippet:-1","max-image-preview":"max-image-preview:large","max-video-preview":"max-video-preview:-1"},"canonical":"https:\/\/www.die-sanierung.com\/diesanierung\/das-unternehmen\/ueber-uns\/","og_locale":"de_DE","og_type":"article","og_title":"Die Sanierung - Chr. Staub Baugesellschaft","og_description":"CHR. STAUB BAUGESELLSCHAFT \u2013 Ihr Partner f\u00fcr Sanierung, Umbau und Neubau. \u00b7 Wir l\u00f6sen anstehende Aufgaben flexibel, schlagkr\u00e4ftig und kompetent. \u00b7 Chr. Staub","og_url":"https:\/\/www.die-sanierung.com\/diesanierung\/das-unternehmen\/ueber-uns\/","og_site_name":"Die Sanierung","article_modified_time":"2025-04-28T06:05:40+00:00","twitter_card":"summary_large_image","twitter_misc":{"Gesch\u00e4tzte Lesezeit":"1 Minute"},"schema":{"@context":"https:\/\/schema.org","@graph":[{"@type":"WebPage","@id":"https:\/\/www.die-sanierung.com\/diesanierung\/das-unternehmen\/ueber-uns\/","url":"https:\/\/www.die-sanierung.com\/diesanierung\/das-unternehmen\/ueber-uns\/","name":"Die Sanierung - Chr. Staub Baugesellschaft","isPartOf":{"@id":"https:\/\/www.die-sanierung.com\/diesanierung\/#website"},"datePublished":"2024-03-19T14:12:12+00:00","dateModified":"2025-04-28T06:05:40+00:00","description":"CHR. STAUB BAUGESELLSCHAFT \u2013 Ihr Partner f\u00fcr Sanierung, Umbau und Neubau. \u00b7 Wir l\u00f6sen anstehende Aufgaben flexibel, schlagkr\u00e4ftig und kompetent. \u00b7 Chr. Staub","breadcrumb":{"@id":"https:\/\/www.die-sanierung.com\/diesanierung\/das-unternehmen\/ueber-uns\/#breadcrumb"},"inLanguage":"de-DE","potentialAction":[{"@type":"ReadAction","target":["https:\/\/www.die-sanierung.com\/diesanierung\/das-unternehmen\/ueber-uns\/"]}]},{"@type":"BreadcrumbList","@id":"https:\/\/www.die-sanierung.com\/diesanierung\/das-unternehmen\/ueber-uns\/#breadcrumb","itemListElement":[{"@type":"ListItem","position":1,"name":"Startseite","item":"https:\/\/www.die-sanierung.com\/diesanierung\/"},{"@type":"ListItem","position":2,"name":"Das Unternehmen","item":"https:\/\/www.die-sanierung.com\/diesanierung\/das-unternehmen\/"},{"@type":"ListItem","position":3,"name":"\u00dcber uns"}]},{"@type":"WebSite","@id":"https:\/\/www.die-sanierung.com\/diesanierung\/#website","url":"https:\/\/www.die-sanierung.com\/diesanierung\/","name":"Chr. Staub Baugesellschaft","description":"Ihr Partner f\u00fcr Sanierung, Umbau und Neubau.","potentialAction":[{"@type":"SearchAction","target":{"@type":"EntryPoint","urlTemplate":"https:\/\/www.die-sanierung.com\/diesanierung\/?s={search_term_string}"},"query-input":{"@type":"PropertyValueSpecification","valueRequired":true,"valueName":"search_term_string"}}],"inLanguage":"de-DE"}]}},"_links":{"self":[{"href":"https:\/\/www.die-sanierung.com\/diesanierung\/wp-json\/wp\/v2\/pages\/1645"}],"collection":[{"href":"https:\/\/www.die-sanierung.com\/diesanierung\/wp-json\/wp\/v2\/pages"}],"about":[{"href":"https:\/\/www.die-sanierung.com\/diesanierung\/wp-json\/wp\/v2\/types\/page"}],"author":[{"embeddable":true,"href":"https:\/\/www.die-sanierung.com\/diesanierung\/wp-json\/wp\/v2\/users\/1"}],"replies":[{"embeddable":true,"href":"https:\/\/www.die-sanierung.com\/diesanierung\/wp-json\/wp\/v2\/comments?post=1645"}],"version-history":[{"count":30,"href":"https:\/\/www.die-sanierung.com\/diesanierung\/wp-json\/wp\/v2\/pages\/1645\/revisions"}],"predecessor-version":[{"id":3205,"href":"https:\/\/www.die-sanierung.com\/diesanierung\/wp-json\/wp\/v2\/pages\/1645\/revisions\/3205"}],"up":[{"embeddable":true,"href":"https:\/\/www.die-sanierung.com\/diesanierung\/wp-json\/wp\/v2\/pages\/2"}],"wp:attachment":[{"href":"https:\/\/www.die-sanierung.com\/diesanierung\/wp-json\/wp\/v2\/media?parent=1645"}],"curies":[{"name":"wp","href":"https:\/\/api.w.org\/{rel}","templated":true}]}}